{"id":92,"date":"2010-02-10T11:41:08","date_gmt":"2010-02-10T11:41:08","guid":{"rendered":"http:\/\/quark.fis.uc.pt\/?page_id=92"},"modified":"2025-12-10T15:36:20","modified_gmt":"2025-12-10T15:36:20","slug":"media","status":"publish","type":"page","link":"https:\/\/quark.fis.uc.pt\/?page_id=92","title":{"rendered":"Media"},"content":{"rendered":"<p><a href=\"http:\/\/quark.fis.uc.pt\/?page_id=94\">\u00c1lbuns fotogr\u00e1ficos<\/a><\/p>\n<p>Not\u00edcias sobre o Quark! na imprensa:<\/p>\n<p><a href=\"http:\/\/quark.fis.uc.pt\/wp-content\/uploads\/2010\/12\/quark_lancamento_2011_2.pdf\">Di\u00e1rio as Beiras: Craques da F\u00edsica aprendem em Coimbra<\/a><\/p>\n<p><a href=\"http:\/\/quark.fis.uc.pt\/wp-content\/uploads\/2010\/12\/quark_lancamento_2011_1.pdf\">Di\u00e1rio de Coimbra: UC prepara craques da F\u00edsica e da Matem\u00e1tica<\/a><\/p>\n<p><a href=\"http:\/\/quark.fis.uc.pt\/wp-content\/uploads\/2010\/12\/Paix\u00e3o-pela-f\u00edsica-d\u00e1-ouro-a-Jo\u00e3o-Carlos-Moreira-JN.pdf\">Jornal de Not\u00edcias: Paix\u00e3o pela F\u00edsica d\u00e1 ouro a Jo\u00e3o Carlos Moreira<\/a><\/p>\n<p><a href=\"http:\/\/quark.fis.uc.pt\/wp-content\/uploads\/2010\/12\/Antena-1-Olimp\u00edadas_f\u00edsica_2010.mp3\">Antena 1: Portugueses brilham nas Olimp\u00edadas Ibero-americanas de F\u00edsica<\/a><\/p>\n<p><a href=\"http:\/\/quark.fis.uc.pt\/wp-content\/uploads\/2010\/12\/Di\u00e1rio-dos-A\u00e7ores-Olimp\u00edadas_F\u00edsica_2010.pdf\">Di\u00e1rio dos A\u00e7ores: Portugueses medalhados nas Olimp\u00edadas Ibero-americanas de F\u00edsica<\/a><\/p>\n<p><a href=\"http:\/\/quark.fis.uc.pt\/wp-content\/uploads\/2010\/12\/DC-Olimp\u00edadas_F\u00edsica_2010.pdf\">Di\u00e1rio de Coimbra: Equipa Portuguesa medalhada nas Olimp\u00edadas Ibero-americanas de F\u00edsica<\/a><\/p>\n<p><a href=\"http:\/\/quark.fis.uc.pt\/wp-content\/uploads\/2010\/12\/D.-Leiria-Olimp\u00edadas_f\u00edsica_2010.pdf\">Di\u00e1rio de Leiria: Aluno de Leiria ganha medalha de ouro nas Olimp\u00edadas Ibero-americanas de F\u00edsica<\/a><\/p>\n<p><a href=\"http:\/\/quark.fis.uc.pt\/wp-content\/uploads\/2010\/12\/Correio-do-Minho-olimp\u00edadas_f\u00edsica_2010.pdf\">Correio do Minho: Portugal com quatro medalhas nas Olimp\u00edadas Ibero-americanas de F\u00edsica.<\/a><\/p>\n<p><a href=\"http:\/\/quark.fis.uc.pt\/wp-content\/uploads\/2010\/12\/Correio-da-manh\u00e3-Olimp\u00edadas-ibero-americanas-de-F\u00edsica.pdf\">Correio da Manh\u00e3: Talento na F\u00edsica que vale ouro<\/a><\/p>\n<p><a href=\"http:\/\/quark.fis.uc.pt\/wp-content\/uploads\/2010\/12\/Ci\u00eancia.net-olimp\u00edadas_f\u00edsica_2010.pdf\">Ci\u00eancia.net: Portugal arrecada medalha de ouro nas Olimp\u00edadas Ibero-americanas de F\u00edsica<\/a><\/p>\n<p><a href=\"http:\/\/quark.fis.uc.pt\/wp-content\/uploads\/2010\/12\/Ci\u00eancia-Hoje-Olimp\u00edadas_f\u00edsica_2010.pdf\">Ci\u00eancia Hoje: Portugueses medalhados nas olimp\u00edadas Ibero-americanas de F\u00edsica<\/a><\/p>\n<p><a href=\"http:\/\/quark.fis.uc.pt\/wp-content\/uploads\/2010\/12\/Boas-not\u00edcias-online-olimp\u00edadas_f\u00edsica_2010.pdf\">Boas Not\u00edcias On-Line: Portugal com quatro medalhas nas olimp\u00edadas de F\u00edsica<\/a><\/p>\n<p><a href=\"http:\/\/quark.fis.uc.pt\/wp-content\/uploads\/2010\/02\/Di\u00e1rio-de-Coimbra-Coimbra-ISA-reafirma-apoio-\u00e0-escola-Quark.pdf\">Di\u00e1rio de Coimbra: ISA reafirma apoio \u00e0 escola Quark!<\/a><\/p>\n<p><a href=\"http:\/\/quark.fis.uc.pt\/wp-content\/uploads\/2010\/02\/A_Cabra_26_1_2010.pdf\">Jornal universit\u00e1rio &#8220;A Cabra&#8221;: Delfos e Quark! &#8211; a escola aos fins de semana<\/a><\/p>\n<p><a href=\"http:\/\/quark.fis.uc.pt\/wp-content\/uploads\/2010\/02\/Super-Interessante-Escolas-ol\u00edmpicas-FCTUC.pdf\">Super-Interessante: As escolas ol\u00edmpicas da FCTUC<\/a><\/p>\n<p><a href=\"http:\/\/www.publico.pt\/Ci%C3%AAncias\/olimpiadas-da-fisica-uma-medalha-de-prata-e-duas-de-bronze-para-portugal_1403575\">Jornal P\u00fablico: Ol\u00edmpiadas de F\u00edsica, uma medalha de prata e duas de Bronze para Portugal<\/a><\/p>\n<p><a href=\"http:\/\/www.cienciahoje.pt\/index.php?oid=35804&amp;op=all\">Ci\u00eancia Hoje: Medalhas e men\u00e7\u00e3o honrosa nas XIV olimp\u00edadas Ibero-americanas de F\u00edsica<\/a><\/p>\n<p><a href=\"http:\/\/www.cmjornal.xl.pt\/noticia.aspx?contentID=9C604BDB-5743-40C9-8ECF-57D9DC6DB230&amp;channelID=00000021-0000-0000-0000-000000000021\">Correio da Manh\u00e3: F\u00edsica, Portugal ganha medalhas<\/a><\/p>\n<p><a href=\"http:\/\/quark.fis.uc.pt\/wp-content\/uploads\/2010\/02\/cm_oibf2009.pdf\">Correio da Manh\u00e3: Portugal ganha na F\u00edsica<\/a><\/p>\n<p><a href=\"http:\/\/dererummundi.blogspot.com\/2009_07_01_archive.html\">Seman\u00e1rio Sol: Medalhas Ol\u00edmpicas na Ci\u00eancia<\/a><\/p>\n<p><a href=\"http:\/\/quark.fis.uc.pt\/wp-content\/uploads\/2010\/02\/craques.pdf\">Jornal de Not\u00edcias: Eles s\u00e3o craques da F\u00edsica<\/a><\/p>\n<p><a href=\"http:\/\/quark.fis.uc.pt\/wp-content\/uploads\/2010\/02\/Quark11.pdf\">Gazeta de F\u00edsica: Projecto Quark!<\/a><\/p>\n<p><a href=\"http:\/\/quark.fis.uc.pt\/wp-content\/uploads\/2010\/02\/Quark2.pdf\">Di\u00e1rio as Beiras: Novo ano ol\u00edmpico &#8220;Vem ao Delfos e ao Quark!&#8221;<\/a><\/p>\n<p><a href=\"http:\/\/quark.fis.uc.pt\/wp-content\/uploads\/2010\/02\/Quark4.pdf\">Di\u00e1rio de Coimbra: Jovens iniciam prepara\u00e7\u00e3o para as olimp\u00edadas de Matem\u00e1tica e de F\u00edsica<\/a><\/p>\n<p><a href=\"http:\/\/quark.fis.uc.pt\/wp-content\/uploads\/2010\/02\/Quark3.pdf\">Di\u00e1rio de Coimbra: Geniozinhos apuram talentos em Coimbra<\/a><\/p>\n","protected":false},"excerpt":{"rendered":"<p>\u00c1lbuns fotogr\u00e1ficos Not\u00edcias sobre o Quark! na imprensa: Di\u00e1rio as Beiras: Craques da F\u00edsica aprendem em Coimbra Di\u00e1rio de Coimbra: UC prepara craques da F\u00edsica e da Matem\u00e1tica Jornal de Not\u00edcias: Paix\u00e3o pela F\u00edsica d\u00e1 ouro a Jo\u00e3o Carlos Moreira Antena 1: Portugueses brilham nas Olimp\u00edadas Ibero-americanas de F\u00edsica Di\u00e1rio dos A\u00e7ores: Portugueses medalhados nas&#8230; <\/p>\n<div class=\"read-more navbutton\"><a href=\"https:\/\/quark.fis.uc.pt\/?page_id=92\">Read More<i class=\"fa fa-angle-double-right\"><\/i><\/a><\/div>\n","protected":false},"author":1,"featured_media":0,"parent":0,"menu_order":16,"comment_status":"closed","ping_status":"closed","template":"","meta":{"footnotes":""},"class_list":["post-92","page","type-page","status-publish","hentry"],"_links":{"self":[{"href":"https:\/\/quark.fis.uc.pt\/index.php?rest_route=\/wp\/v2\/pages\/92","targetHints":{"allow":["GET"]}}],"collection":[{"href":"https:\/\/quark.fis.uc.pt\/index.php?rest_route=\/wp\/v2\/pages"}],"about":[{"href":"https:\/\/quark.fis.uc.pt\/index.php?rest_route=\/wp\/v2\/types\/page"}],"author":[{"embeddable":true,"href":"https:\/\/quark.fis.uc.pt\/index.php?rest_route=\/wp\/v2\/users\/1"}],"replies":[{"embeddable":true,"href":"https:\/\/quark.fis.uc.pt\/index.php?rest_route=%2Fwp%2Fv2%2Fcomments&post=92"}],"version-history":[{"count":41,"href":"https:\/\/quark.fis.uc.pt\/index.php?rest_route=\/wp\/v2\/pages\/92\/revisions"}],"predecessor-version":[{"id":345,"href":"https:\/\/quark.fis.uc.pt\/index.php?rest_route=\/wp\/v2\/pages\/92\/revisions\/345"}],"wp:attachment":[{"href":"https:\/\/quark.fis.uc.pt\/index.php?rest_route=%2Fwp%2Fv2%2Fmedia&parent=92"}],"curies":[{"name":"wp","href":"https:\/\/api.w.org\/{rel}","templated":true}]}}