{"id":63,"date":"2010-02-08T18:11:42","date_gmt":"2010-02-08T18:11:42","guid":{"rendered":"http:\/\/quark.fis.uc.pt\/?page_id=63"},"modified":"2025-12-10T15:36:20","modified_gmt":"2025-12-10T15:36:20","slug":"o-que-e-o-projecto-quark","status":"publish","type":"page","link":"https:\/\/quark.fis.uc.pt\/","title":{"rendered":"O que \u00e9 o projeto Quark! ?"},"content":{"rendered":"<p>O projeto Quark! \u00e9 uma iniciativa do Departamento de F\u00edsica da Faculdade de Ci\u00eancias e Tecnologia da Universidade de Coimbra destinado a promover a F\u00edsica junto dos jovens portugueses. Consiste numa escola de excel\u00eancia para estudantes dos 11\u00ba e 12\u00ba anos de escolaridade, provenientes de todo o pa\u00eds, combinando forma\u00e7\u00e3o \u00e0 dist\u00e2ncia (<a href=\"http:\/\/algol.fis.uc.pt\" target=\"_blank\" rel=\"noopener noreferrer\">F\u00f3rum Quark!<\/a>) e presencial.<\/p>\n<blockquote>\n<p><strong>&gt;&gt; Per\u00edodo de candidaturas para a edi\u00e7\u00e3o 2026: 10\/dez\/2025 a 11\/jan\/2026<\/strong><\/p>\n<\/blockquote>\n<p><img decoding=\"async\" src=\"http:\/\/quark.fis.uc.pt\/wp-content\/uploads\/2010\/02\/2008_12.jpg\" alt=\"1\u00aa Sess\u00e3o de 2007\/2008\" align=\"center\" \/><\/p>\n<p><a href=\"http:\/\/quark.fis.uc.pt\/wp-content\/uploads\/2010\/11\/sponsors_new.jpg\"> <img loading=\"lazy\" decoding=\"async\" class=\"\" src=\"http:\/\/quark.fis.uc.pt\/wp-content\/uploads\/2010\/11\/sponsors_new_small.jpg\" alt=\"Sponsors Quark!\" width=\"512\" height=\"109\" \/><\/a><\/p>\n<p><img loading=\"lazy\" decoding=\"async\" class=\"\" src=\"http:\/\/quark.fis.uc.pt\/wp-content\/uploads\/2010\/02\/escolher_ciencia.jpg\" alt=\"\" width=\"231\" height=\"109\" \/><a href=\"https:\/\/quark.fis.uc.pt\/wp-content\/uploads\/2022\/03\/amkor_logo.jpeg\"><img loading=\"lazy\" decoding=\"async\" class=\"alignnone  wp-image-2504\" src=\"https:\/\/quark.fis.uc.pt\/wp-content\/uploads\/2022\/03\/amkor_logo-300x110.jpeg\" alt=\"\" width=\"279\" height=\"103\" srcset=\"https:\/\/quark.fis.uc.pt\/wp-content\/uploads\/2022\/03\/amkor_logo-300x110.jpeg 300w, https:\/\/quark.fis.uc.pt\/wp-content\/uploads\/2022\/03\/amkor_logo.jpeg 370w\" sizes=\"auto, (max-width: 279px) 100vw, 279px\" \/><\/a><\/p>\n\n\n<figure class=\"wp-block-image size-full is-resized\"><a href=\"https:\/\/quark.fis.uc.pt\/wp-content\/uploads\/2024\/02\/logo_living.png\"><img loading=\"lazy\" decoding=\"async\" width=\"164\" height=\"128\" src=\"https:\/\/quark.fis.uc.pt\/wp-content\/uploads\/2024\/02\/logo_living.png\" alt=\"\" class=\"wp-image-2610\" style=\"width:130px;height:auto\" srcset=\"https:\/\/quark.fis.uc.pt\/wp-content\/uploads\/2024\/02\/logo_living.png 164w, https:\/\/quark.fis.uc.pt\/wp-content\/uploads\/2024\/02\/logo_living-149x116.png 149w\" sizes=\"auto, (max-width: 164px) 100vw, 164px\" \/><\/a><\/figure>\n\n\n\n<figure class=\"wp-block-image size-full is-resized\"><a href=\"https:\/\/quark.fis.uc.pt\/wp-content\/uploads\/2024\/02\/barra_prr_white.png\"><img loading=\"lazy\" decoding=\"async\" width=\"928\" height=\"128\" src=\"https:\/\/quark.fis.uc.pt\/wp-content\/uploads\/2024\/02\/barra_prr_white.png\" alt=\"\" class=\"wp-image-2613\" style=\"width:518px;height:auto\" srcset=\"https:\/\/quark.fis.uc.pt\/wp-content\/uploads\/2024\/02\/barra_prr_white.png 928w, https:\/\/quark.fis.uc.pt\/wp-content\/uploads\/2024\/02\/barra_prr_white-300x41.png 300w, https:\/\/quark.fis.uc.pt\/wp-content\/uploads\/2024\/02\/barra_prr_white-768x106.png 768w, https:\/\/quark.fis.uc.pt\/wp-content\/uploads\/2024\/02\/barra_prr_white-228x31.png 228w\" sizes=\"auto, (max-width: 928px) 100vw, 928px\" \/><\/a><\/figure>\n","protected":false},"excerpt":{"rendered":"<p>O projeto Quark! \u00e9 uma iniciativa do Departamento de F\u00edsica da Faculdade de Ci\u00eancias e Tecnologia da Universidade de Coimbra destinado a promover a F\u00edsica junto dos jovens portugueses. Consiste numa escola de excel\u00eancia para estudantes dos 11\u00ba e 12\u00ba anos de escolaridade, provenientes de todo o pa\u00eds, combinando forma\u00e7\u00e3o \u00e0 dist\u00e2ncia (F\u00f3rum Quark!) e&#8230; <\/p>\n<div class=\"read-more navbutton\"><a href=\"https:\/\/quark.fis.uc.pt\/\">Read More<i class=\"fa fa-angle-double-right\"><\/i><\/a><\/div>\n","protected":false},"author":1,"featured_media":0,"parent":0,"menu_order":11,"comment_status":"closed","ping_status":"closed","template":"","meta":{"footnotes":""},"class_list":["post-63","page","type-page","status-publish","hentry"],"_links":{"self":[{"href":"https:\/\/quark.fis.uc.pt\/index.php?rest_route=\/wp\/v2\/pages\/63","targetHints":{"allow":["GET"]}}],"collection":[{"href":"https:\/\/quark.fis.uc.pt\/index.php?rest_route=\/wp\/v2\/pages"}],"about":[{"href":"https:\/\/quark.fis.uc.pt\/index.php?rest_route=\/wp\/v2\/types\/page"}],"author":[{"embeddable":true,"href":"https:\/\/quark.fis.uc.pt\/index.php?rest_route=\/wp\/v2\/users\/1"}],"replies":[{"embeddable":true,"href":"https:\/\/quark.fis.uc.pt\/index.php?rest_route=%2Fwp%2Fv2%2Fcomments&post=63"}],"version-history":[{"count":65,"href":"https:\/\/quark.fis.uc.pt\/index.php?rest_route=\/wp\/v2\/pages\/63\/revisions"}],"predecessor-version":[{"id":2660,"href":"https:\/\/quark.fis.uc.pt\/index.php?rest_route=\/wp\/v2\/pages\/63\/revisions\/2660"}],"wp:attachment":[{"href":"https:\/\/quark.fis.uc.pt\/index.php?rest_route=%2Fwp%2Fv2%2Fmedia&parent=63"}],"curies":[{"name":"wp","href":"https:\/\/api.w.org\/{rel}","templated":true}]}}