{"id":56,"date":"2008-01-08T17:55:54","date_gmt":"2008-01-08T17:55:54","guid":{"rendered":"http:\/\/quark.fis.uc.pt\/?page_id=56"},"modified":"2015-12-08T16:02:02","modified_gmt":"2015-12-08T16:02:02","slug":"participantes","status":"publish","type":"page","link":"https:\/\/quark.fis.uc.pt\/?page_id=56","title":{"rendered":"Participantes"},"content":{"rendered":"<p>Ana Catarina Farinha Bolhaqueiro<br \/>\nAna Rita Serra Valente Caldeira<br \/>\nAxel Jo\u00e3o Oliveira Ferreira<br \/>\nCarlos Miguel Mendes Azevedo<br \/>\nCarolina In\u00eas Amaro Verdasca Gorriz<br \/>\nCatarina de Oliveira Pinho<br \/>\nDaniela Filipa Pedro Fontes<br \/>\nDiana Filipe dos Santos Loupa Melancia<br \/>\nDiana In\u00eas Lopes Amaro<br \/>\nDiogo Bernardo de Lacerda Queiroz Almeida<br \/>\nDuarte Nuno Fernandes Garcia Lima<br \/>\nDulce de Jesus Costa<br \/>\nHenrique Cabral<br \/>\nHenrique Pereira Coutada Miranda<br \/>\nIgor Vasilevskiy<br \/>\nIn\u00eas Saavedra Almeida Barros Mota<br \/>\nJoana Catarina Reis dos Santos Marques<br \/>\nJo\u00e3o Carlos Fernandes Ser\u00f4dio<br \/>\nJo\u00e3o Mateus Rodrigo Caldeira<br \/>\nJo\u00e3o Pedro Capinha da Silva<br \/>\nJo\u00e3o Pedro Martins Rodrigues<br \/>\nJos\u00e9 Alberto Lago da Silva Neves Gouveia<br \/>\nJos\u00e9 Ant\u00f3nio Filipe dos Reis<br \/>\nJos\u00e9 Miguel Ferreira Ribeiro<br \/>\nJos\u00e9 Pedro Figueiral Oliva Soares Alves<br \/>\nLucas Schmitt Balthazar<br \/>\nLu\u00eds Pedro Falc\u00e3o Gon\u00e7alves<br \/>\nMariana Bento de Ara\u00fajo<br \/>\nMariana Oliveira Pereira<br \/>\nMiguel Afonso Ferreira Martins Gomes<br \/>\nMiguel Reis Orcinha<br \/>\nNuno Ricardo Gamito de Matos<br \/>\nPedro Miguel Fernandes Pinto<br \/>\nPedro Vieira Pinto da Cunha<br \/>\nRaimundo Miguel Oliveira Martins<br \/>\nRicardo Miguel Fonseca Gomes de Campos<br \/>\nSagar Dipak Silva Pratapsi<br \/>\nTiago Filipe Pimentel das Neves<br \/>\nTiago Rebelo<br \/>\nTom\u00e1s Fid\u00e9lis da Silva Nogueira<\/p>\n","protected":false},"excerpt":{"rendered":"<p>Ana Catarina Farinha Bolhaqueiro Ana Rita Serra Valente Caldeira Axel Jo\u00e3o Oliveira Ferreira Carlos Miguel Mendes Azevedo Carolina In\u00eas Amaro Verdasca Gorriz Catarina de Oliveira Pinho Daniela Filipa Pedro Fontes Diana Filipe dos Santos Loupa Melancia Diana In\u00eas Lopes Amaro Diogo Bernardo de Lacerda Queiroz Almeida Duarte Nuno Fernandes Garcia Lima Dulce de Jesus Costa&#8230; <\/p>\n<div class=\"read-more navbutton\"><a href=\"https:\/\/quark.fis.uc.pt\/?page_id=56\">Read More<i class=\"fa fa-angle-double-right\"><\/i><\/a><\/div>\n","protected":false},"author":1,"featured_media":0,"parent":46,"menu_order":0,"comment_status":"closed","ping_status":"closed","template":"","meta":{"footnotes":""},"class_list":["post-56","page","type-page","status-publish","hentry"],"_links":{"self":[{"href":"https:\/\/quark.fis.uc.pt\/index.php?rest_route=\/wp\/v2\/pages\/56","targetHints":{"allow":["GET"]}}],"collection":[{"href":"https:\/\/quark.fis.uc.pt\/index.php?rest_route=\/wp\/v2\/pages"}],"about":[{"href":"https:\/\/quark.fis.uc.pt\/index.php?rest_route=\/wp\/v2\/types\/page"}],"author":[{"embeddable":true,"href":"https:\/\/quark.fis.uc.pt\/index.php?rest_route=\/wp\/v2\/users\/1"}],"replies":[{"embeddable":true,"href":"https:\/\/quark.fis.uc.pt\/index.php?rest_route=%2Fwp%2Fv2%2Fcomments&post=56"}],"version-history":[{"count":5,"href":"https:\/\/quark.fis.uc.pt\/index.php?rest_route=\/wp\/v2\/pages\/56\/revisions"}],"predecessor-version":[{"id":414,"href":"https:\/\/quark.fis.uc.pt\/index.php?rest_route=\/wp\/v2\/pages\/56\/revisions\/414"}],"up":[{"embeddable":true,"href":"https:\/\/quark.fis.uc.pt\/index.php?rest_route=\/wp\/v2\/pages\/46"}],"wp:attachment":[{"href":"https:\/\/quark.fis.uc.pt\/index.php?rest_route=%2Fwp%2Fv2%2Fmedia&parent=56"}],"curies":[{"name":"wp","href":"https:\/\/api.w.org\/{rel}","templated":true}]}}