{"id":287,"date":"2015-12-01T17:58:52","date_gmt":"2015-12-01T17:58:52","guid":{"rendered":"http:\/\/quark.fis.uc.pt\/?page_id=287"},"modified":"2016-04-17T21:33:38","modified_gmt":"2016-04-17T21:33:38","slug":"participantes","status":"publish","type":"page","link":"https:\/\/quark.fis.uc.pt\/?page_id=287","title":{"rendered":"Participantes"},"content":{"rendered":"<table width=\"338\">\n<tbody>\n<tr>\n<td width=\"338\">Afonso das Neves Fernandes<\/td>\n<\/tr>\n<tr>\n<td width=\"338\">Alexandre Marques Ribeiro da Eira<\/td>\n<\/tr>\n<tr>\n<td>Alberto Cavaleiro Pacheco<\/td>\n<\/tr>\n<tr>\n<td>Ana Margarida Fernandes Veiga<\/td>\n<\/tr>\n<tr>\n<td>Ana S\u00e1 e Sousa Carneiro da Silva<\/td>\n<\/tr>\n<tr>\n<td>Andr\u00e9 Augusto Carvalho Martins<\/td>\n<\/tr>\n<tr>\n<td>Andr\u00e9 Oliveira Pinheiro<\/td>\n<\/tr>\n<tr>\n<td>Ant\u00f3nio Lopes Telmo Calado Sanches<\/td>\n<\/tr>\n<tr>\n<td>Beatriz Camelo Ribeiro Ferreira Alves<\/td>\n<\/tr>\n<tr>\n<td>Bruno Filipe Coelho da Costa<\/td>\n<\/tr>\n<tr>\n<td>Carlos Miguel Alexandre Carteiro<\/td>\n<\/tr>\n<tr>\n<td>Catarina Franco Jones<\/td>\n<\/tr>\n<tr>\n<td>David Andrew Cristina Fordham<\/td>\n<\/tr>\n<tr>\n<td>David Miguel Morais de Andrade<\/td>\n<\/tr>\n<tr>\n<td>Delfim Oliveira Cardoso de S\u00e1<\/td>\n<\/tr>\n<tr>\n<td>Diogo Ant\u00f3nio da Silva Costa<\/td>\n<\/tr>\n<tr>\n<td>Diogo Gameiro Neves Currito Ribeiro<\/td>\n<\/tr>\n<tr>\n<td>Diogo Vieira Alves da Fonseca<\/td>\n<\/tr>\n<tr>\n<td>Fernando Augusto Ortig\u00e3o Festas Maia<\/td>\n<\/tr>\n<tr>\n<td>Filipe Jo\u00e3o Cabral Neves<\/td>\n<\/tr>\n<tr>\n<td>Francisco Carlos Coutinho Castel-Branco Power<\/td>\n<\/tr>\n<tr>\n<td>Francisco da Cruz Correia Rocha<\/td>\n<\/tr>\n<tr>\n<td>Francisco Franco P\u00eago<\/td>\n<\/tr>\n<tr>\n<td>Francisco Lu\u00eds Carvalho<\/td>\n<\/tr>\n<tr>\n<td>Francisco Martins Gouveia<\/td>\n<\/tr>\n<tr>\n<td>Francisco Salema Oom de Sacadura<\/td>\n<\/tr>\n<tr>\n<td>Francisco Tiago de Esp\u00edrito Santo e Caetano<\/td>\n<\/tr>\n<tr>\n<td>Francisco Tom\u00e1s Pires dos Santos<\/td>\n<\/tr>\n<tr>\n<td>Francisco Vicente Vaz\u00e3o<\/td>\n<\/tr>\n<tr>\n<td>Gabriela Almeida Gomes<\/td>\n<\/tr>\n<tr>\n<td>Gon\u00e7alo Jos\u00e9 Reis Bento Paredes<\/td>\n<\/tr>\n<tr>\n<td>Gon\u00e7alo Sanches Garcia<\/td>\n<\/tr>\n<tr>\n<td>Guilherme Cruto Ala da Costa<\/td>\n<\/tr>\n<tr>\n<td>Henrique Jo\u00e3o Machado Borges<\/td>\n<\/tr>\n<tr>\n<td>Henrique Miguel de Andrade Campos Navas<\/td>\n<\/tr>\n<tr>\n<td>Hugo Jos\u00e9 Barreiro Gon\u00e7alves<\/td>\n<\/tr>\n<tr>\n<td>Iara Alexa Alves Figueiras<\/td>\n<\/tr>\n<tr>\n<td>In\u00eas Alexandra Carvalho Santos<\/td>\n<\/tr>\n<tr>\n<td>In\u00eas Andrade Rainho<\/td>\n<\/tr>\n<tr>\n<td>J\u00e9ssica In\u00e1cio Gon\u00e7alves<\/td>\n<\/tr>\n<tr>\n<td>Jia Ying Chen Yang<\/td>\n<\/tr>\n<tr>\n<td>Joana Sofia Neves Leoc\u00e1dio<\/td>\n<\/tr>\n<tr>\n<td>Jo\u00e3o Andr\u00e9 Oliveira Santos<\/td>\n<\/tr>\n<tr>\n<td>Jo\u00e3o Daniel Vicente e Domingues<\/td>\n<\/tr>\n<tr>\n<td>Jo\u00e3o Miguel Neves Coelho<\/td>\n<\/tr>\n<tr>\n<td>Jo\u00e3o Paulo Pais Oliveira de Pina Monteiro<\/td>\n<\/tr>\n<tr>\n<td>Jo\u00e3o Pedro Gomes<\/td>\n<\/tr>\n<tr>\n<td>Jorge Fernando Alvarinhas Pereira<\/td>\n<\/tr>\n<tr>\n<td>Jos\u00e9 Jo\u00e3o Amorim Teixeira Guimar\u00e3es<\/td>\n<\/tr>\n<tr>\n<td>Jos\u00e9 Miguel de Oliveira Mendes<\/td>\n<\/tr>\n<tr>\n<td>Jos\u00e9 Miguel Ferreira Henriques de Oliveira Martinho<\/td>\n<\/tr>\n<tr>\n<td>Jos\u00e9 Rui Agante de Carvalho<\/td>\n<\/tr>\n<tr>\n<td>Leonardo Pedroso Duarte<\/td>\n<\/tr>\n<tr>\n<td>Maria In\u00eas Buco Cajada<\/td>\n<\/tr>\n<tr>\n<td>Maria Jo\u00e3o Vale Almeida Reis Santo<\/td>\n<\/tr>\n<tr>\n<td>Maria Lopes Fael<\/td>\n<\/tr>\n<tr>\n<td>Maria Lu\u00eds Mor\u00e3o Patr\u00edcio<\/td>\n<\/tr>\n<tr>\n<td>Maria Matilde de Carvalho Barreto Soares da Silva<\/td>\n<\/tr>\n<tr>\n<td>Matilde Machado da Costa Cancela da Fonseca<\/td>\n<\/tr>\n<tr>\n<td>Miguel \u00c2ngelo Melo Gon\u00e7alves<\/td>\n<\/tr>\n<tr>\n<td>Patr\u00edcia Margarida Corvo Carvalheira<\/td>\n<\/tr>\n<tr>\n<td>Pedro Albuquerque Fernandes Mendes Pratas<\/td>\n<\/tr>\n<tr>\n<td>Pedro Filipe Caldeira Rosa<\/td>\n<\/tr>\n<tr>\n<td>Pedro Miguel Oliveira Carvalho da Silva<\/td>\n<\/tr>\n<tr>\n<td>Ricardo Beja Belchior dos Santos<\/td>\n<\/tr>\n<tr>\n<td>Rita de Sousa Ata\u00edde da Silva<\/td>\n<\/tr>\n<tr>\n<td>Rodrigo Alves dos Santos Pereira<\/td>\n<\/tr>\n<tr>\n<td>Rodrigo Pacheco C\u00e2mara<\/td>\n<\/tr>\n<tr>\n<td>Rui Filipe Martins Barbosa<\/td>\n<\/tr>\n<tr>\n<td>Sara Isabel Alves dos Santos<\/td>\n<\/tr>\n<tr>\n<td>Sara Miguel Cardeal Dourado<\/td>\n<\/tr>\n<tr>\n<td>S\u00edlvia Rodrigues Costa<\/td>\n<\/tr>\n<tr>\n<td>Telma Maria Cunha Santos<\/td>\n<\/tr>\n<tr>\n<td>Tiago Cunha de Ara\u00fajo<\/td>\n<\/tr>\n<tr>\n<td>Tiago Emanuel Pereira Nunes<\/td>\n<\/tr>\n<tr>\n<td>Tom\u00e1s de Oliveira Fonseca Cabrito<\/td>\n<\/tr>\n<tr>\n<td>Vasco Joaquim de Sousa Esteves<\/td>\n<\/tr>\n<\/tbody>\n<\/table>\n","protected":false},"excerpt":{"rendered":"<p>Afonso das Neves Fernandes Alexandre Marques Ribeiro da Eira Alberto Cavaleiro Pacheco Ana Margarida Fernandes Veiga Ana S\u00e1 e Sousa Carneiro da Silva Andr\u00e9 Augusto Carvalho Martins Andr\u00e9 Oliveira Pinheiro Ant\u00f3nio Lopes Telmo Calado Sanches Beatriz Camelo Ribeiro Ferreira Alves Bruno Filipe Coelho da Costa Carlos Miguel Alexandre Carteiro Catarina Franco Jones David Andrew Cristina&#8230; <\/p>\n<div class=\"read-more navbutton\"><a href=\"https:\/\/quark.fis.uc.pt\/?page_id=287\">Read More<i class=\"fa fa-angle-double-right\"><\/i><\/a><\/div>\n","protected":false},"author":1,"featured_media":0,"parent":285,"menu_order":0,"comment_status":"closed","ping_status":"closed","template":"","meta":{"footnotes":""},"class_list":["post-287","page","type-page","status-publish","hentry"],"_links":{"self":[{"href":"https:\/\/quark.fis.uc.pt\/index.php?rest_route=\/wp\/v2\/pages\/287","targetHints":{"allow":["GET"]}}],"collection":[{"href":"https:\/\/quark.fis.uc.pt\/index.php?rest_route=\/wp\/v2\/pages"}],"about":[{"href":"https:\/\/quark.fis.uc.pt\/index.php?rest_route=\/wp\/v2\/types\/page"}],"author":[{"embeddable":true,"href":"https:\/\/quark.fis.uc.pt\/index.php?rest_route=\/wp\/v2\/users\/1"}],"replies":[{"embeddable":true,"href":"https:\/\/quark.fis.uc.pt\/index.php?rest_route=%2Fwp%2Fv2%2Fcomments&post=287"}],"version-history":[{"count":4,"href":"https:\/\/quark.fis.uc.pt\/index.php?rest_route=\/wp\/v2\/pages\/287\/revisions"}],"predecessor-version":[{"id":764,"href":"https:\/\/quark.fis.uc.pt\/index.php?rest_route=\/wp\/v2\/pages\/287\/revisions\/764"}],"up":[{"embeddable":true,"href":"https:\/\/quark.fis.uc.pt\/index.php?rest_route=\/wp\/v2\/pages\/285"}],"wp:attachment":[{"href":"https:\/\/quark.fis.uc.pt\/index.php?rest_route=%2Fwp%2Fv2%2Fmedia&parent=287"}],"curies":[{"name":"wp","href":"https:\/\/api.w.org\/{rel}","templated":true}]}}