{"id":2664,"date":"2025-12-10T15:35:43","date_gmt":"2025-12-10T15:35:43","guid":{"rendered":"https:\/\/quark.fis.uc.pt\/?page_id=2664"},"modified":"2026-01-23T16:14:35","modified_gmt":"2026-01-23T16:14:35","slug":"participantes-2026","status":"publish","type":"page","link":"https:\/\/quark.fis.uc.pt\/?page_id=2664","title":{"rendered":"Participantes"},"content":{"rendered":"\n<div class=\"wp-block-group\"><div class=\"wp-block-group__inner-container is-layout-constrained wp-block-group-is-layout-constrained\">\n<p>Afonso Teixeira Barbosa&nbsp;<\/p>\n\n\n\n<p>Andrei Fatkulin&nbsp;<\/p>\n\n\n\n<p>Ant\u00f3nio Guerreiro Azoia<\/p>\n\n\n\n<p>David Margarido Montenegro<\/p>\n\n\n\n<p>Diogo Lu\u00eds Gama Ferreira de Mendon\u00e7a<\/p>\n\n\n\n<p>Filipa Coelho Veiga<\/p>\n\n\n\n<p>Francisca Arroja<\/p>\n\n\n\n<p>Guilherme Manuel Calado de Oliveira<\/p>\n\n\n\n<p>Guilherme Pereira Branco<\/p>\n\n\n\n<p>Ignat Riazanov<\/p>\n\n\n\n<p>Joana Maria Pereira Rocha<\/p>\n\n\n\n<p>Jo\u00e3o Tiago Agostinho Sim\u00f5es Mota Castelo<\/p>\n\n\n\n<p>Jos\u00e9 Miguel Cavadas da Silva<\/p>\n\n\n\n<p>Jos\u00e9 Miguel Santos de Moura Mendon\u00e7a<\/p>\n\n\n\n<p>Leonardo Correia Pereira de Aguiar Aires<\/p>\n\n\n\n<p>Luana Matilde Rodrigues Cunha<\/p>\n\n\n\n<p>Lu\u00eds Miguel Oliveira Tadeu Silva<\/p>\n\n\n\n<p>Lu\u00eds Soares de Albergaria Morais<\/p>\n\n\n\n<p>Mafalda Filipa Duarte Pombo&nbsp;<\/p>\n\n\n\n<p>Margarida Isabel Gon\u00e7alves Falorca<\/p>\n\n\n\n<p>Maria Francisca de Santos Costa<\/p>\n\n\n\n<p>Mariana Noronha de Oliveira Lobo<\/p>\n\n\n\n<p>Mariana S\u00e1 Gama<\/p>\n\n\n\n<p>Martim Costa de Carvalho<\/p>\n\n\n\n<p>Matilde Costa e Sousa&nbsp;<\/p>\n\n\n\n<p>Mirela Eremia<\/p>\n\n\n\n<p>Rafael Alexandre de Andrade Soares Marques<\/p>\n\n\n\n<p>Rafael Mateus Alves Chambre S\u00e1 Moita<\/p>\n\n\n\n<p>Rodrigo d\u2019Almeida Lima Can\u00eado dos Santos<\/p>\n\n\n\n<p>Rui Francisco Ventura Ara\u00fajo&nbsp;<\/p>\n\n\n\n<p>Salvador Rodrigues Louren\u00e7o<\/p>\n\n\n\n<p>Sim\u00e3o Godinho Lopes Marcelino<\/p>\n\n\n\n<p>Sofia Pinho Mendon\u00e7a Santos<\/p>\n\n\n\n<p>Tiago Miguel Guilherme Ressurrei\u00e7\u00e3o<\/p>\n\n\n\n<p>Tom\u00e1s Manuel Figueira Nunes&nbsp;<\/p>\n\n\n\n<p>Vasco Ferreira de Meneses<\/p>\n\n\n\n<p>Vasco Henrique Santiago Bandarra<\/p>\n<\/div><\/div>\n\n\n\n<p class=\"has-medium-font-size\"><\/p>\n","protected":false},"excerpt":{"rendered":"<p>Afonso Teixeira Barbosa&nbsp; Andrei Fatkulin&nbsp; Ant\u00f3nio Guerreiro Azoia David Margarido Montenegro Diogo Lu\u00eds Gama Ferreira de Mendon\u00e7a Filipa Coelho Veiga Francisca Arroja Guilherme Manuel Calado de Oliveira Guilherme Pereira Branco Ignat Riazanov Joana Maria Pereira Rocha Jo\u00e3o Tiago Agostinho Sim\u00f5es Mota Castelo Jos\u00e9 Miguel Cavadas da Silva Jos\u00e9 Miguel Santos de Moura Mendon\u00e7a Leonardo Correia&#8230; <\/p>\n<div class=\"read-more navbutton\"><a href=\"https:\/\/quark.fis.uc.pt\/?page_id=2664\">Read More<i class=\"fa fa-angle-double-right\"><\/i><\/a><\/div>\n","protected":false},"author":1,"featured_media":0,"parent":2659,"menu_order":8,"comment_status":"closed","ping_status":"closed","template":"","meta":{"footnotes":""},"class_list":["post-2664","page","type-page","status-publish","hentry"],"_links":{"self":[{"href":"https:\/\/quark.fis.uc.pt\/index.php?rest_route=\/wp\/v2\/pages\/2664","targetHints":{"allow":["GET"]}}],"collection":[{"href":"https:\/\/quark.fis.uc.pt\/index.php?rest_route=\/wp\/v2\/pages"}],"about":[{"href":"https:\/\/quark.fis.uc.pt\/index.php?rest_route=\/wp\/v2\/types\/page"}],"author":[{"embeddable":true,"href":"https:\/\/quark.fis.uc.pt\/index.php?rest_route=\/wp\/v2\/users\/1"}],"replies":[{"embeddable":true,"href":"https:\/\/quark.fis.uc.pt\/index.php?rest_route=%2Fwp%2Fv2%2Fcomments&post=2664"}],"version-history":[{"count":9,"href":"https:\/\/quark.fis.uc.pt\/index.php?rest_route=\/wp\/v2\/pages\/2664\/revisions"}],"predecessor-version":[{"id":2680,"href":"https:\/\/quark.fis.uc.pt\/index.php?rest_route=\/wp\/v2\/pages\/2664\/revisions\/2680"}],"up":[{"embeddable":true,"href":"https:\/\/quark.fis.uc.pt\/index.php?rest_route=\/wp\/v2\/pages\/2659"}],"wp:attachment":[{"href":"https:\/\/quark.fis.uc.pt\/index.php?rest_route=%2Fwp%2Fv2%2Fmedia&parent=2664"}],"curies":[{"name":"wp","href":"https:\/\/api.w.org\/{rel}","templated":true}]}}