{"id":2659,"date":"2025-12-10T15:30:15","date_gmt":"2025-12-10T15:30:15","guid":{"rendered":"https:\/\/quark.fis.uc.pt\/?page_id=2659"},"modified":"2026-03-11T10:47:09","modified_gmt":"2026-03-11T10:47:09","slug":"2025-2026-c","status":"publish","type":"page","link":"https:\/\/quark.fis.uc.pt\/?page_id=2659","title":{"rendered":"2025-2026"},"content":{"rendered":"\n<figure class=\"wp-block-table\"><table class=\"has-fixed-layout\"><tbody><tr><td>1\u00aa Sess\u00e3o 24 e 25 de janeiro<br><a href=\"http:\/\/algol.fis.uc.pt\/forum\/programas\/2026\/Programa_sessao_1.pdf\">Programa da 1\u00aa sess\u00e3o<\/a><\/td><\/tr><tr><td>2\u00aa Sess\u00e3o 21 e 22 de fevereiro&nbsp;<br><a href=\"http:\/\/algol.fis.uc.pt\/forum\/programas\/2026\/Programa_sessao_2.pdf\">Programa da 2\u00aa sess\u00e3o<\/a><\/td><\/tr><tr><td>3\u00ba Sess\u00e3o 14 e 15 de mar\u00e7o<br><a href=\"http:\/\/algol.fis.uc.pt\/forum\/programas\/2026\/Programa_sessao_3.pdf\">Programa da 3\u00aa sess\u00e3o<\/a><\/td><\/tr><tr><td>4\u00aa Sess\u00e3o 25 e 26 de abril<br><a href=\"http:\/\/algol.fis.uc.pt\/forum\/programas\/2026\/Programa_sessao_4.pdf\">Programa da 4\u00aa sess\u00e3o<\/a><\/td><\/tr><tr><td>5\u00aa Sess\u00e3o 16 de maio <br>(Prova de sele\u00e7\u00e3o para olimp\u00edadas internacionais)<br><a href=\"http:\/\/algol.fis.uc.pt\/forum\/programas\/2026\/Programa_sessao_5.pdf\">Programa da 5\u00aa sess\u00e3o<\/a><\/td><\/tr><tr><td>6\u00aa Sess\u00e3o 23 e 24 de maio <br><a href=\"http:\/\/algol.fis.uc.pt\/forum\/programas\/2026\/Programa_sessao_6.pdf\">Programa da 6\u00aa sess\u00e3o<\/a><\/td><\/tr><\/tbody><\/table><\/figure>\n\n\n\n<p><\/p>\n","protected":false},"excerpt":{"rendered":"<p>1\u00aa Sess\u00e3o 24 e 25 de janeiroPrograma da 1\u00aa sess\u00e3o2\u00aa Sess\u00e3o 21 e 22 de fevereiro&nbsp;Programa da 2\u00aa sess\u00e3o3\u00ba Sess\u00e3o 14 e 15 de mar\u00e7oPrograma da 3\u00aa sess\u00e3o4\u00aa Sess\u00e3o 25 e 26 de abrilPrograma da 4\u00aa sess\u00e3o5\u00aa Sess\u00e3o 16 de maio (Prova de sele\u00e7\u00e3o para olimp\u00edadas internacionais)Programa da 5\u00aa sess\u00e3o6\u00aa Sess\u00e3o 23 e 24 de&#8230; <\/p>\n<div class=\"read-more navbutton\"><a href=\"https:\/\/quark.fis.uc.pt\/?page_id=2659\">Read More<i class=\"fa fa-angle-double-right\"><\/i><\/a><\/div>\n","protected":false},"author":1,"featured_media":0,"parent":0,"menu_order":7,"comment_status":"closed","ping_status":"closed","template":"","meta":{"footnotes":""},"class_list":["post-2659","page","type-page","status-publish","hentry"],"_links":{"self":[{"href":"https:\/\/quark.fis.uc.pt\/index.php?rest_route=\/wp\/v2\/pages\/2659","targetHints":{"allow":["GET"]}}],"collection":[{"href":"https:\/\/quark.fis.uc.pt\/index.php?rest_route=\/wp\/v2\/pages"}],"about":[{"href":"https:\/\/quark.fis.uc.pt\/index.php?rest_route=\/wp\/v2\/types\/page"}],"author":[{"embeddable":true,"href":"https:\/\/quark.fis.uc.pt\/index.php?rest_route=\/wp\/v2\/users\/1"}],"replies":[{"embeddable":true,"href":"https:\/\/quark.fis.uc.pt\/index.php?rest_route=%2Fwp%2Fv2%2Fcomments&post=2659"}],"version-history":[{"count":5,"href":"https:\/\/quark.fis.uc.pt\/index.php?rest_route=\/wp\/v2\/pages\/2659\/revisions"}],"predecessor-version":[{"id":2685,"href":"https:\/\/quark.fis.uc.pt\/index.php?rest_route=\/wp\/v2\/pages\/2659\/revisions\/2685"}],"wp:attachment":[{"href":"https:\/\/quark.fis.uc.pt\/index.php?rest_route=%2Fwp%2Fv2%2Fmedia&parent=2659"}],"curies":[{"name":"wp","href":"https:\/\/api.w.org\/{rel}","templated":true}]}}