{"id":2616,"date":"2024-02-15T15:27:56","date_gmt":"2024-02-15T15:27:56","guid":{"rendered":"https:\/\/quark.fis.uc.pt\/?page_id=2616"},"modified":"2025-12-10T15:36:20","modified_gmt":"2025-12-10T15:36:20","slug":"informacoes","status":"publish","type":"page","link":"https:\/\/quark.fis.uc.pt\/?page_id=2616","title":{"rendered":"Informa\u00e7\u00f5es"},"content":{"rendered":"\n<p>Informa\u00e7\u00f5es log\u00edsticas sobre o Quark! poder\u00e3o ser consultadas <a href=\"http:\/\/algol.fis.uc.pt\/forum\/docs\/logistica.pdf\">aqui<\/a>.<\/p>\n\n\n\n<p>Consulte tamb\u00e9m o <a href=\"http:\/\/algol.fis.uc.pt\/forum\/docs\/glossario.pdf\">gloss\u00e1rio quark\u00f3nico<\/a>.<\/p>\n","protected":false},"excerpt":{"rendered":"<p>Informa\u00e7\u00f5es log\u00edsticas sobre o Quark! poder\u00e3o ser consultadas aqui. Consulte tamb\u00e9m o gloss\u00e1rio quark\u00f3nico.<\/p>\n","protected":false},"author":1,"featured_media":0,"parent":0,"menu_order":18,"comment_status":"closed","ping_status":"closed","template":"","meta":{"footnotes":""},"class_list":["post-2616","page","type-page","status-publish","hentry"],"_links":{"self":[{"href":"https:\/\/quark.fis.uc.pt\/index.php?rest_route=\/wp\/v2\/pages\/2616","targetHints":{"allow":["GET"]}}],"collection":[{"href":"https:\/\/quark.fis.uc.pt\/index.php?rest_route=\/wp\/v2\/pages"}],"about":[{"href":"https:\/\/quark.fis.uc.pt\/index.php?rest_route=\/wp\/v2\/types\/page"}],"author":[{"embeddable":true,"href":"https:\/\/quark.fis.uc.pt\/index.php?rest_route=\/wp\/v2\/users\/1"}],"replies":[{"embeddable":true,"href":"https:\/\/quark.fis.uc.pt\/index.php?rest_route=%2Fwp%2Fv2%2Fcomments&post=2616"}],"version-history":[{"count":2,"href":"https:\/\/quark.fis.uc.pt\/index.php?rest_route=\/wp\/v2\/pages\/2616\/revisions"}],"predecessor-version":[{"id":2629,"href":"https:\/\/quark.fis.uc.pt\/index.php?rest_route=\/wp\/v2\/pages\/2616\/revisions\/2629"}],"wp:attachment":[{"href":"https:\/\/quark.fis.uc.pt\/index.php?rest_route=%2Fwp%2Fv2%2Fmedia&parent=2616"}],"curies":[{"name":"wp","href":"https:\/\/api.w.org\/{rel}","templated":true}]}}