{"id":2603,"date":"2024-01-30T11:33:27","date_gmt":"2024-01-30T11:33:27","guid":{"rendered":"https:\/\/quark.fis.uc.pt\/?page_id=2603"},"modified":"2024-01-30T11:35:50","modified_gmt":"2024-01-30T11:35:50","slug":"participants","status":"publish","type":"page","link":"https:\/\/quark.fis.uc.pt\/?page_id=2603","title":{"rendered":"Participants"},"content":{"rendered":"\n<p>Afonso Miguel Vicente Nobre<\/p>\n\n\n\n<p>Alexandre Miguel Lemos Ferreira<\/p>\n\n\n\n<p>Alexandre Pereira e Pinto<\/p>\n\n\n\n<p>Ana Beatriz Carvalho da Silva<\/p>\n\n\n\n<p>Anast\u00e1cia Diana Starchuk<\/p>\n\n\n\n<p>Andr\u00e9 Jo\u00e3o dos Santos Trigo<\/p>\n\n\n\n<p>Bruno Ramos Casanova Patr\u00edcio Ralha<\/p>\n\n\n\n<p>C\u00e1tia Sofia Rodrigues Silva<\/p>\n\n\n\n<p>Dinis Maria Domingos Pinto<\/p>\n\n\n\n<p>Diogo Ribeiro Sousa<\/p>\n\n\n\n<p>Duarte Miguel Gon\u00e7alves Caldeira<\/p>\n\n\n\n<p>Felipe L\u00f4bo Barros Sant&#8217;Ana<\/p>\n\n\n\n<p>Francisco Silva Correia<\/p>\n\n\n\n<p>Francisco Vieira de Carvalho<\/p>\n\n\n\n<p>Gon\u00e7alo Nogueira Martins<\/p>\n\n\n\n<p>Guilherme de Oliveira Cruz<\/p>\n\n\n\n<p>Hugo Miguel Carvalho Antunes<\/p>\n\n\n\n<p>In\u00eas Costa<\/p>\n\n\n\n<p>\u00cdris Filipa Seabra Botelho<\/p>\n\n\n\n<p>Ivan Romeu Pereira Pinto<\/p>\n\n\n\n<p>Jo\u00e3o Afonso Dias Vieira Fernandes<\/p>\n\n\n\n<p>Jo\u00e3o Lu\u00eds Ramos Silva&nbsp;<\/p>\n\n\n\n<p>Jo\u00e3o Pedro Ferreira Marques<\/p>\n\n\n\n<p>Jo\u00e3o Pedro S\u00e1 Neves<\/p>\n\n\n\n<p>Leonor de Jorge Mesquita<\/p>\n\n\n\n<p>Lucas Alexandre Penalva Camarinha<\/p>\n\n\n\n<p>Lu\u00eds Duarte de Jesus<\/p>\n\n\n\n<p>Maria In\u00eas Gaspar Lopes<\/p>\n\n\n\n<p>Matias Fernandes Alves<\/p>\n\n\n\n<p>Matilde Gameiro Mestre<\/p>\n\n\n\n<p>Pedro Filipe de Sousa Silva<\/p>\n\n\n\n<p>Pedro Miguel da Veiga e Moura Alves Rom\u00e3o<\/p>\n\n\n\n<p>Pedro Nuno Alves da Cruz S\u00earro Elias<\/p>\n\n\n\n<p>Rafael Soares Bento<\/p>\n\n\n\n<p>Raquel Vitorino Vieira<\/p>\n\n\n\n<p>Rodrigo da Luz Moreira<\/p>\n\n\n\n<p>Rodrigo Henriques Roque&nbsp;<\/p>\n\n\n\n<p>Roksolana Artymovych<\/p>\n\n\n\n<p>Sebasti\u00e3o Mendon\u00e7a<\/p>\n\n\n\n<p>Sim\u00e3o Pedro Garcia Mendes<\/p>\n\n\n\n<p>Simone Barreira Morais Pinto<\/p>\n\n\n\n<p>Tiago Fernandes Rodrigues Aguiar de Jesus<\/p>\n\n\n\n<p>Tom\u00e1s Penas Bernardo<\/p>\n\n\n\n<p>Vicente Jorge Cardoso Chagas Rasteiro<\/p>\n\n\n\n<p>Victor Resende Coelho<\/p>\n","protected":false},"excerpt":{"rendered":"<p>Afonso Miguel Vicente Nobre Alexandre Miguel Lemos Ferreira Alexandre Pereira e Pinto Ana Beatriz Carvalho da Silva Anast\u00e1cia Diana Starchuk Andr\u00e9 Jo\u00e3o dos Santos Trigo Bruno Ramos Casanova Patr\u00edcio Ralha C\u00e1tia Sofia Rodrigues Silva Dinis Maria Domingos Pinto Diogo Ribeiro Sousa Duarte Miguel Gon\u00e7alves Caldeira Felipe L\u00f4bo Barros Sant&#8217;Ana Francisco Silva Correia Francisco Vieira de&#8230; <\/p>\n<div class=\"read-more navbutton\"><a href=\"https:\/\/quark.fis.uc.pt\/?page_id=2603\">Read More<i class=\"fa fa-angle-double-right\"><\/i><\/a><\/div>\n","protected":false},"author":1,"featured_media":0,"parent":2600,"menu_order":0,"comment_status":"closed","ping_status":"closed","template":"","meta":{"footnotes":""},"class_list":["post-2603","page","type-page","status-publish","hentry"],"_links":{"self":[{"href":"https:\/\/quark.fis.uc.pt\/index.php?rest_route=\/wp\/v2\/pages\/2603","targetHints":{"allow":["GET"]}}],"collection":[{"href":"https:\/\/quark.fis.uc.pt\/index.php?rest_route=\/wp\/v2\/pages"}],"about":[{"href":"https:\/\/quark.fis.uc.pt\/index.php?rest_route=\/wp\/v2\/types\/page"}],"author":[{"embeddable":true,"href":"https:\/\/quark.fis.uc.pt\/index.php?rest_route=\/wp\/v2\/users\/1"}],"replies":[{"embeddable":true,"href":"https:\/\/quark.fis.uc.pt\/index.php?rest_route=%2Fwp%2Fv2%2Fcomments&post=2603"}],"version-history":[{"count":2,"href":"https:\/\/quark.fis.uc.pt\/index.php?rest_route=\/wp\/v2\/pages\/2603\/revisions"}],"predecessor-version":[{"id":2607,"href":"https:\/\/quark.fis.uc.pt\/index.php?rest_route=\/wp\/v2\/pages\/2603\/revisions\/2607"}],"up":[{"embeddable":true,"href":"https:\/\/quark.fis.uc.pt\/index.php?rest_route=\/wp\/v2\/pages\/2600"}],"wp:attachment":[{"href":"https:\/\/quark.fis.uc.pt\/index.php?rest_route=%2Fwp%2Fv2%2Fmedia&parent=2603"}],"curies":[{"name":"wp","href":"https:\/\/api.w.org\/{rel}","templated":true}]}}