{"id":231,"date":"2013-01-14T23:38:16","date_gmt":"2013-01-14T23:38:16","guid":{"rendered":"http:\/\/quark.fis.uc.pt\/?page_id=231"},"modified":"2015-12-07T22:48:53","modified_gmt":"2015-12-07T22:48:53","slug":"participantes","status":"publish","type":"page","link":"https:\/\/quark.fis.uc.pt\/?page_id=231","title":{"rendered":"Participantes"},"content":{"rendered":"<p>Adriana Maria Tavares Pereira da Silva<br \/>\nAlexandre Carvalho Truppel<br \/>\nAlexandre Manuel Matias Cal\u00e7ada<br \/>\nAna Catarina Faria Pereira<br \/>\nAna Filipa Sousa Barros<br \/>\nAna Lu\u00edsa Moreira de Carvalho<br \/>\nAna Raquel Ara\u00fajo Sim\u00e3o do Carmo<br \/>\nAna Rita Ribeiro Ferreira<br \/>\nAna Sofia Monteiro de Figueiredo Lopes<br \/>\nAndr\u00e9 Santos Paula<br \/>\nAnt\u00f3nio Jo\u00e3o Caeiro Heitor Coelho<br \/>\nCarlos Diogo Monteiro Fernandes<br \/>\nCarlos Miguel Cardoso Garrido<br \/>\nCarolina Coimbra de Brito Lobato<br \/>\nCatarina Sampaio Alves<br \/>\nDuarte Manuel Nogueira Magano<br \/>\nFilipa Branco Franzeres Castro<br \/>\nFilipe Manuel Andrade de Matos<br \/>\nFrancisco Ant\u00f3nio Dias Amorim<br \/>\nFrancisco Palhav\u00e3 de Almeida Andrade Martins<br \/>\nGabriel Pereira Correia Cabral da Costa<br \/>\nGil Covin Cardoso<br \/>\nHenrique Ferreira Carvalho Leal Rodrigues<br \/>\nHenrique Taveira Couto Guedes Vasconcelos<br \/>\nHugo Miguel Barcelos Figueiredo<br \/>\nIn\u00eas Maria Lucas Crista de Sousa Castro<br \/>\nIn\u00eas Sofia Carneiro Madureira<br \/>\nJo\u00e3o Augusto Ferreira Machado<br \/>\nJo\u00e3o Daniel Linhares Moreira<br \/>\nJo\u00e3o dos Santos Ferreira<br \/>\nJo\u00e3o Filipe Seabra da Costa<br \/>\nJo\u00e3o Marcelo de Almeida Cabral<br \/>\nJo\u00e3o Pedro Resende Ferreira<br \/>\nJoaquim Gon\u00e7alves Garcia Barreto Campos<br \/>\nJos\u00e9 Miguel Cunha Monteiro Magalh\u00e3es<br \/>\nJos\u00e9 Miguel Diniz Pereira Esteves de Oliveira<br \/>\nJos\u00e9 Miguel Ferreira Gon\u00e7alves<br \/>\nLeonel Henrique David Quinta Queimada<br \/>\nManuel Francisco Reis Carneiro<br \/>\nMaria Carolina Amoedo Gon\u00e7alves<br \/>\nMaria Clara Robalo Pereira<br \/>\nMaria Margarida dos Santos Rosado<br \/>\nMariana de Freitas da Cunha Robalo Cordeiro<br \/>\nMariana Jorge da Costa e Almeida<br \/>\nMarta Oliveira Ramos<br \/>\nMiguel Ant\u00f3nio Palma dos Santos Sozinho Ramalho<br \/>\nPedro Almeida da Concei\u00e7\u00e3o<br \/>\nPedro Miguel Mendes Amaral Torres Lagarelhos<br \/>\nPedro Miguel Silva<br \/>\nRicardo Filipe Coelho Barru\u00e9<br \/>\nRicardo Miguel Vareiro Cruz<br \/>\nRita Barrocas Dias Teixeira da Costa<br \/>\nRodrigo Afonso Campos de Carvalho<br \/>\nRui Filipe Barbosa Carneiro<br \/>\nTom\u00e1s Martins de Oliveira de Albuquerque Reis<\/p>\n","protected":false},"excerpt":{"rendered":"<p>Adriana Maria Tavares Pereira da Silva Alexandre Carvalho Truppel Alexandre Manuel Matias Cal\u00e7ada Ana Catarina Faria Pereira Ana Filipa Sousa Barros Ana Lu\u00edsa Moreira de Carvalho Ana Raquel Ara\u00fajo Sim\u00e3o do Carmo Ana Rita Ribeiro Ferreira Ana Sofia Monteiro de Figueiredo Lopes Andr\u00e9 Santos Paula Ant\u00f3nio Jo\u00e3o Caeiro Heitor Coelho Carlos Diogo Monteiro Fernandes Carlos&#8230; <\/p>\n<div class=\"read-more navbutton\"><a href=\"https:\/\/quark.fis.uc.pt\/?page_id=231\">Read More<i class=\"fa fa-angle-double-right\"><\/i><\/a><\/div>\n","protected":false},"author":1,"featured_media":0,"parent":228,"menu_order":1,"comment_status":"open","ping_status":"open","template":"","meta":{"footnotes":""},"class_list":["post-231","page","type-page","status-publish","hentry"],"_links":{"self":[{"href":"https:\/\/quark.fis.uc.pt\/index.php?rest_route=\/wp\/v2\/pages\/231","targetHints":{"allow":["GET"]}}],"collection":[{"href":"https:\/\/quark.fis.uc.pt\/index.php?rest_route=\/wp\/v2\/pages"}],"about":[{"href":"https:\/\/quark.fis.uc.pt\/index.php?rest_route=\/wp\/v2\/types\/page"}],"author":[{"embeddable":true,"href":"https:\/\/quark.fis.uc.pt\/index.php?rest_route=\/wp\/v2\/users\/1"}],"replies":[{"embeddable":true,"href":"https:\/\/quark.fis.uc.pt\/index.php?rest_route=%2Fwp%2Fv2%2Fcomments&post=231"}],"version-history":[{"count":7,"href":"https:\/\/quark.fis.uc.pt\/index.php?rest_route=\/wp\/v2\/pages\/231\/revisions"}],"predecessor-version":[{"id":342,"href":"https:\/\/quark.fis.uc.pt\/index.php?rest_route=\/wp\/v2\/pages\/231\/revisions\/342"}],"up":[{"embeddable":true,"href":"https:\/\/quark.fis.uc.pt\/index.php?rest_route=\/wp\/v2\/pages\/228"}],"wp:attachment":[{"href":"https:\/\/quark.fis.uc.pt\/index.php?rest_route=%2Fwp%2Fv2%2Fmedia&parent=231"}],"curies":[{"name":"wp","href":"https:\/\/api.w.org\/{rel}","templated":true}]}}