{"id":1760,"date":"2019-12-13T11:10:39","date_gmt":"2019-12-13T11:10:39","guid":{"rendered":"https:\/\/quark.fis.uc.pt\/?page_id=1760"},"modified":"2020-01-20T13:15:06","modified_gmt":"2020-01-20T13:15:06","slug":"participantes","status":"publish","type":"page","link":"https:\/\/quark.fis.uc.pt\/?page_id=1760","title":{"rendered":"Participantes"},"content":{"rendered":"\n<ul class=\"wp-block-list\"><li>Afonso Santiago Nunes Gon\u00e7alves<\/li><li>Alexandre Pinheiro Leite da Anuncia\u00e7\u00e3o Reis<\/li><li>Ana Isabel Mendes Teixeira<\/li><li>Ana Rita de Oliveira Marques<\/li><li>Ana Rita dos Santos Dion\u00edsio<\/li><li>Andr\u00e9 Costa Lima<\/li><li>Andr\u00e9 Filipe Quaresma Antunes<\/li><li>Andr\u00e9 Miguel Rebelo Soares<\/li><li>Carlos Miguel Pessoa Vaz Rebelo<\/li><li>Carlota Alves Fran\u00e7a<\/li><li>Dinis Bichan\u00e7a Moreira Silva<\/li><li>Diogo Andrade e Sousa Rodrigues da Silva<\/li><li>Diogo de Freitas Pereira Duarte Vieira<\/li><li>Diogo Nuno Lapa Viana de Lemos Santos<\/li><li>Diogo Santiago Antunes<\/li><li>Diogo Torres Correia<\/li><li>Eduardo Luis Gon\u00e7alves\u00a0<\/li><li>Francisco Miguel Gaspar e Silva Baltazar Rosa<\/li><li>Francisco Salvado Dias<\/li><li>Gabriel Alberto Mour\u00e3o Almeida<\/li><li>Gabriel do Carmo Rouxinol<\/li><li>Gon\u00e7alo Reis de Carvalho<\/li><li>Henrique Lucas Crista de Sousa Castro<\/li><li>In\u00eas Pimentel Maia<\/li><li>Joana Car\u00f4la Bonito<\/li><li>Joana Rodrigues Caleiro<\/li><li>Jo\u00e3o Afonso de Silva e Santos<\/li><li>Jo\u00e3o Andr\u00e9 Dias Craveiro<\/li><li>Jo\u00e3o Ant\u00f3nio Semedo Pereira<\/li><li>Jo\u00e3o Machado Cerejo de Miranda<\/li><li>Jo\u00e3o Pedro Caldeira Dias Maia Afonso<\/li><li>Jos\u00e9 Dinis Sempere<\/li><li>Manuel Freitas Lu\u00eds Leite<\/li><li>Marco Pereira Costa<\/li><li>Margarida da Silva Pinto Cohen Serra<\/li><li>Margarida Melo Pereira<\/li><li>Maria Alves Sim\u00f5es<\/li><li>Maria Isabel Coutinho Castel-Branco Relv\u00e3o Caetano<\/li><li>Maria Jos\u00e9 Quit\u00e9rio de Oliveira Redondo<\/li><li>Mariana Sousa do Nascimento Rodrigues<\/li><li>Martim Pinto Paiva<\/li><li>Matilde Mor\u00e3o Moreira Amaro Nunes<\/li><li>Nuno Gabriel Carvalho Carneiro<\/li><li>Paulo Neves Carmona<\/li><li>Pedro Bezerra Roque da Costa<\/li><li>Pedro Xavier Costa Almeida<\/li><li>Rodrigo Pato de Carvalho Nogueira<\/li><li>Salvador Lameiras Flor\u00eancio<\/li><li>Samuel Jos\u00e9 Ferreira Monteiro<\/li><li>Sara Maria Dias Proen\u00e7a<\/li><li>Sim\u00e3o Pedro Ferr\u00e3o Ribeiro<\/li><li>Sofia Alexandra dos Santos Vicente Marques<\/li><li>Tom\u00e1s Marques Pina de Oliveira Duarte<\/li><li>Vicente Salvador Martinez Lora<\/li><\/ul>\n","protected":false},"excerpt":{"rendered":"<p>Afonso Santiago Nunes Gon\u00e7alvesAlexandre Pinheiro Leite da Anuncia\u00e7\u00e3o ReisAna Isabel Mendes TeixeiraAna Rita de Oliveira MarquesAna Rita dos Santos Dion\u00edsioAndr\u00e9 Costa LimaAndr\u00e9 Filipe Quaresma AntunesAndr\u00e9 Miguel Rebelo SoaresCarlos Miguel Pessoa Vaz RebeloCarlota Alves Fran\u00e7aDinis Bichan\u00e7a Moreira SilvaDiogo Andrade e Sousa Rodrigues da SilvaDiogo de Freitas Pereira Duarte VieiraDiogo Nuno Lapa Viana de Lemos SantosDiogo Santiago&#8230; <\/p>\n<div class=\"read-more navbutton\"><a href=\"https:\/\/quark.fis.uc.pt\/?page_id=1760\">Read More<i class=\"fa fa-angle-double-right\"><\/i><\/a><\/div>\n","protected":false},"author":1,"featured_media":0,"parent":1756,"menu_order":0,"comment_status":"closed","ping_status":"closed","template":"","meta":{"footnotes":""},"class_list":["post-1760","page","type-page","status-publish","hentry"],"_links":{"self":[{"href":"https:\/\/quark.fis.uc.pt\/index.php?rest_route=\/wp\/v2\/pages\/1760","targetHints":{"allow":["GET"]}}],"collection":[{"href":"https:\/\/quark.fis.uc.pt\/index.php?rest_route=\/wp\/v2\/pages"}],"about":[{"href":"https:\/\/quark.fis.uc.pt\/index.php?rest_route=\/wp\/v2\/types\/page"}],"author":[{"embeddable":true,"href":"https:\/\/quark.fis.uc.pt\/index.php?rest_route=\/wp\/v2\/users\/1"}],"replies":[{"embeddable":true,"href":"https:\/\/quark.fis.uc.pt\/index.php?rest_route=%2Fwp%2Fv2%2Fcomments&post=1760"}],"version-history":[{"count":5,"href":"https:\/\/quark.fis.uc.pt\/index.php?rest_route=\/wp\/v2\/pages\/1760\/revisions"}],"predecessor-version":[{"id":2139,"href":"https:\/\/quark.fis.uc.pt\/index.php?rest_route=\/wp\/v2\/pages\/1760\/revisions\/2139"}],"up":[{"embeddable":true,"href":"https:\/\/quark.fis.uc.pt\/index.php?rest_route=\/wp\/v2\/pages\/1756"}],"wp:attachment":[{"href":"https:\/\/quark.fis.uc.pt\/index.php?rest_route=%2Fwp%2Fv2%2Fmedia&parent=1760"}],"curies":[{"name":"wp","href":"https:\/\/api.w.org\/{rel}","templated":true}]}}