{"id":1103,"date":"2017-12-19T12:19:53","date_gmt":"2017-12-19T12:19:53","guid":{"rendered":"http:\/\/quark.fis.uc.pt\/?page_id=1103"},"modified":"2018-01-16T17:37:41","modified_gmt":"2018-01-16T17:37:41","slug":"participantes","status":"publish","type":"page","link":"https:\/\/quark.fis.uc.pt\/?page_id=1103","title":{"rendered":"Participantes"},"content":{"rendered":"<p>Afonso De S\u00e3o Jos\u00e9 LOuren\u00e7o De Matos Jorge<br \/>\nAfonso Guilherme Trindade Bonina de Mesquita<br \/>\nAfonso Oliveira Magalhaes<br \/>\nAlexandre Gil Gouveia Maia Barbosa<br \/>\nAna Pereira da Silva Barros<br \/>\nAndr\u00e9 Miguel Charneca Duarte<br \/>\nAnselmo Jos\u00e9 Gon\u00e7alves Falorca<br \/>\nAnt\u00f3nio Maria Pereira Martins Jer\u00f3nimo<br \/>\nAnt\u00f3nio Pedro Maia Barros<br \/>\nB\u00e1rbara Fernandes da Silva<br \/>\nBeatriz Seabra de Matos Pereira<br \/>\nBruno Miguel Silva de Oliveira<br \/>\nDaniela Filipa Carradas Gon\u00e7alves<br \/>\nDavid Belo Nassauer<br \/>\nDiogo Aldomiro Nobre<br \/>\nDiogo Alexandre Martins Diogo Gomes<br \/>\nDiogo Ant\u00f3nio Ribeiro Pinheiro<br \/>\nDiogo de Assis Magalh\u00e3es Malheiro<br \/>\nDiogo Miguel dos Santos Sim\u00f5es<br \/>\nDiogo Miguel Ferreira Rodrigues<br \/>\nDiogo Seabra Diogo<br \/>\nDuarte Miguel da Silva Feiteira<br \/>\nFrancisco Jos\u00e9 Mariano Teixeira<br \/>\nFrancisco Manuel Alves dos Santos Ferreira<br \/>\nFrancisco Manuel Dias Rodrigues<br \/>\nFrederico Miguel Almeida Sim\u00f5es<br \/>\nGustavo Xavier Delerue Marinho Alves<br \/>\n\u00cdris Jos\u00e9 Costa Santos<br \/>\nJoana Sofia Ribeiro Cruz<br \/>\nJo\u00e3o Dinis Ribeiro Machado de Carvalho \u00c1lvares<br \/>\nJo\u00e3o Francisco Paulo Morais<br \/>\nJo\u00e3o Miguel Beleza Pereira Seixas e Sousa<br \/>\nJo\u00e3o Paulo Ribeiro Camarneiro<br \/>\nJo\u00e3o Pedro Cavaco Antunes<br \/>\nJ\u00falio de S\u00e3o Jos\u00e9 da Silva Oliveira<br \/>\nLeonardo de Oliveira Vieira Alves<br \/>\nL\u00edzia Maria Gon\u00e7alves Branco<br \/>\nLu\u00eds Afonso Meira de Almeida<br \/>\nLu\u00eds Andr\u00e9 Santos Correia Assun\u00e7\u00e3o<br \/>\nLu\u00eds Miguel Marques Louren\u00e7o<br \/>\nManuel de Seabra Alte da Veiga<br \/>\nMarco Ant\u00f3nio Leal Oliveira Ribeiro<br \/>\nMaria de Aguilar Sousa e Almeida Madrugo<br \/>\nMarta Cristina dos Santos Mariz<br \/>\nMatilde de Matos Sim\u00f5es<br \/>\nMiguel Cardoso Pedro<br \/>\nMiguel F\u00e9lix Duarte<br \/>\nMiguel Lagoas Rold\u00e3o<br \/>\nNicholas Pedrosa Hopf\u00a0<br \/>\nPatr\u00edcia Alexandra Tenera Roxo<br \/>\nPedro Jos\u00e9 Guerreiro Castelo Ramos<br \/>\nPedro Miguel Pires Coelho<br \/>\nRafael Feteira Marcelino de Freitas Oliveira<br \/>\nRafael Russo Almeida<br \/>\nRodrigo Ant\u00f3nio Catarino Ferreira<br \/>\nRui Barreira Morais Pinto<br \/>\nTom\u00e1s Lopes Mendes<br \/>\nTom\u00e1s Soares de Carvalho Feith<br \/>\nVicente Cruz Silvestre<\/p>\n","protected":false},"excerpt":{"rendered":"<p>Afonso De S\u00e3o Jos\u00e9 LOuren\u00e7o De Matos Jorge Afonso Guilherme Trindade Bonina de Mesquita Afonso Oliveira Magalhaes Alexandre Gil Gouveia Maia Barbosa Ana Pereira da Silva Barros Andr\u00e9 Miguel Charneca Duarte Anselmo Jos\u00e9 Gon\u00e7alves Falorca Ant\u00f3nio Maria Pereira Martins Jer\u00f3nimo Ant\u00f3nio Pedro Maia Barros B\u00e1rbara Fernandes da Silva Beatriz Seabra de Matos Pereira Bruno Miguel&#8230; <\/p>\n<div class=\"read-more navbutton\"><a href=\"https:\/\/quark.fis.uc.pt\/?page_id=1103\">Read More<i class=\"fa fa-angle-double-right\"><\/i><\/a><\/div>\n","protected":false},"author":1,"featured_media":0,"parent":1099,"menu_order":0,"comment_status":"closed","ping_status":"closed","template":"","meta":{"footnotes":""},"class_list":["post-1103","page","type-page","status-publish","hentry"],"_links":{"self":[{"href":"https:\/\/quark.fis.uc.pt\/index.php?rest_route=\/wp\/v2\/pages\/1103","targetHints":{"allow":["GET"]}}],"collection":[{"href":"https:\/\/quark.fis.uc.pt\/index.php?rest_route=\/wp\/v2\/pages"}],"about":[{"href":"https:\/\/quark.fis.uc.pt\/index.php?rest_route=\/wp\/v2\/types\/page"}],"author":[{"embeddable":true,"href":"https:\/\/quark.fis.uc.pt\/index.php?rest_route=\/wp\/v2\/users\/1"}],"replies":[{"embeddable":true,"href":"https:\/\/quark.fis.uc.pt\/index.php?rest_route=%2Fwp%2Fv2%2Fcomments&post=1103"}],"version-history":[{"count":4,"href":"https:\/\/quark.fis.uc.pt\/index.php?rest_route=\/wp\/v2\/pages\/1103\/revisions"}],"predecessor-version":[{"id":1405,"href":"https:\/\/quark.fis.uc.pt\/index.php?rest_route=\/wp\/v2\/pages\/1103\/revisions\/1405"}],"up":[{"embeddable":true,"href":"https:\/\/quark.fis.uc.pt\/index.php?rest_route=\/wp\/v2\/pages\/1099"}],"wp:attachment":[{"href":"https:\/\/quark.fis.uc.pt\/index.php?rest_route=%2Fwp%2Fv2%2Fmedia&parent=1103"}],"curies":[{"name":"wp","href":"https:\/\/api.w.org\/{rel}","templated":true}]}}