{"id":1057,"date":"2017-01-13T12:43:00","date_gmt":"2017-01-13T12:43:00","guid":{"rendered":"http:\/\/quark.fis.uc.pt\/?page_id=1057"},"modified":"2017-01-13T22:21:47","modified_gmt":"2017-01-13T22:21:47","slug":"participantes","status":"publish","type":"page","link":"https:\/\/quark.fis.uc.pt\/?page_id=1057","title":{"rendered":"Participantes"},"content":{"rendered":"<p>Alexandre Marques Ribeiro da Eira<br \/>\nAna Margarida Rodrigues Barbosa<br \/>\nBeatriz de Sousa Ata\u00edde da Silva<br \/>\nBeatriz Gamboa Pereira<br \/>\nCarla Patr\u00edcia da Silva Barros Neto<br \/>\nCarlos Andr\u00e9 Rodrigues Cunha<br \/>\nCarlos Eduardo Machado de Sousa<br \/>\nCarolina Branco Albergaria Paiva<br \/>\nCatarina Franco Jones<br \/>\nCatarina Leonor da Silva Lobo<br \/>\nDavid Fonseca Macedo Teixeira<br \/>\nDiogo Jo\u00e3o Costa Oliveira<br \/>\nDuarte Lu\u00eds Maia Nascimento<br \/>\nFrancisco Manuel Antunes Rom\u00e3o<br \/>\nFrederico Miguel Almeida Sim\u00f5es<br \/>\nGuilherme Ant\u00f3nio Cardoso Moreira<br \/>\nGuilherme Cabral Figueiredo Moniz Penedo<br \/>\nGuilherme Luis Borges Varela Rodrigues<br \/>\nGuilherme Teixeira Moreira Fernandes<br \/>\nGustavo Xavier Delerue Marinho Alves<br \/>\nHeitor \u00d6sterdahl<br \/>\nHenrique Folgado Soares Amorim de Figueiredo<br \/>\nHenrique Jo\u00e3o Machado Borges<br \/>\nHenrique Miguel de Andrade Campos Navas<br \/>\nHugo Silva Sousa e Santos Teixeira<br \/>\nIara Alexa Alves Figueiras<br \/>\nIn\u00eas Andrade Rainho<br \/>\nIn\u00eas Fernandes Vilarinho<br \/>\nJ\u00e9ssica In\u00e1cio Gon\u00e7alves<br \/>\nJia Ying Chen Yang<br \/>\nJo\u00e3o Dinis Tom\u00e9<br \/>\nJo\u00e3o Pedro Montenegro Quinteira Sanfins da Costa<br \/>\nJos\u00e9 Diogo da Costa Jesus<br \/>\nLeonardo Lobato Dias Leite H\u00fcgens<br \/>\nLeonardo Pedroso Duarte<br \/>\nLu\u00eds Andr\u00e9 Santos Correia Assun\u00e7\u00e3o<br \/>\nLu\u00eds Miguel Martins Costa e Silva<br \/>\nManuel Domingues Brand\u00e3o<br \/>\nManuel Maria Gaspar de Assun\u00e7\u00e3o<br \/>\nMaria Matilde Silva<br \/>\nMariana Braz Pires<br \/>\nMariana Isabel Fino Caseiro<br \/>\nMartim Coelho de Melo<br \/>\nMiguel De Almeida Rebelo<br \/>\nNuno Miguel Ferreira Campos<br \/>\nPatr\u00edcia Alexandra Tenera Roxo<br \/>\nPaulo Alexandre Marinho Figueiredo<br \/>\nRaul Pombo Monteiro<br \/>\nRenato Loureiro<br \/>\nRicardo Caldas Santana<br \/>\nRicardo Jorge Nunes Ferreira<br \/>\nRita de Sousa Ata\u00edde da Silva<br \/>\nRodolfo Rijo Casanova<br \/>\nRui Barreira Morais Pinto<br \/>\nT\u00e2nia Sofia Gomes Machado<br \/>\nTiago Manuel Massano Tavares<br \/>\nTomas Ferreira Amaro Freire<br \/>\nTom\u00e1s Soares de Carvalho Feith<br \/>\nTom\u00e1s Valtteri Jyllil\u00e4 Sanches<br \/>\nVicente Cruz Silvestre<\/p>\n","protected":false},"excerpt":{"rendered":"<p>Alexandre Marques Ribeiro da Eira Ana Margarida Rodrigues Barbosa Beatriz de Sousa Ata\u00edde da Silva Beatriz Gamboa Pereira Carla Patr\u00edcia da Silva Barros Neto Carlos Andr\u00e9 Rodrigues Cunha Carlos Eduardo Machado de Sousa Carolina Branco Albergaria Paiva Catarina Franco Jones Catarina Leonor da Silva Lobo David Fonseca Macedo Teixeira Diogo Jo\u00e3o Costa Oliveira Duarte Lu\u00eds&#8230; <\/p>\n<div class=\"read-more navbutton\"><a href=\"https:\/\/quark.fis.uc.pt\/?page_id=1057\">Read More<i class=\"fa fa-angle-double-right\"><\/i><\/a><\/div>\n","protected":false},"author":1,"featured_media":0,"parent":1052,"menu_order":0,"comment_status":"closed","ping_status":"closed","template":"","meta":{"footnotes":""},"class_list":["post-1057","page","type-page","status-publish","hentry"],"_links":{"self":[{"href":"https:\/\/quark.fis.uc.pt\/index.php?rest_route=\/wp\/v2\/pages\/1057","targetHints":{"allow":["GET"]}}],"collection":[{"href":"https:\/\/quark.fis.uc.pt\/index.php?rest_route=\/wp\/v2\/pages"}],"about":[{"href":"https:\/\/quark.fis.uc.pt\/index.php?rest_route=\/wp\/v2\/types\/page"}],"author":[{"embeddable":true,"href":"https:\/\/quark.fis.uc.pt\/index.php?rest_route=\/wp\/v2\/users\/1"}],"replies":[{"embeddable":true,"href":"https:\/\/quark.fis.uc.pt\/index.php?rest_route=%2Fwp%2Fv2%2Fcomments&post=1057"}],"version-history":[{"count":2,"href":"https:\/\/quark.fis.uc.pt\/index.php?rest_route=\/wp\/v2\/pages\/1057\/revisions"}],"predecessor-version":[{"id":1064,"href":"https:\/\/quark.fis.uc.pt\/index.php?rest_route=\/wp\/v2\/pages\/1057\/revisions\/1064"}],"up":[{"embeddable":true,"href":"https:\/\/quark.fis.uc.pt\/index.php?rest_route=\/wp\/v2\/pages\/1052"}],"wp:attachment":[{"href":"https:\/\/quark.fis.uc.pt\/index.php?rest_route=%2Fwp%2Fv2%2Fmedia&parent=1057"}],"curies":[{"name":"wp","href":"https:\/\/api.w.org\/{rel}","templated":true}]}}