{"id":10,"date":"2010-01-12T15:15:10","date_gmt":"2010-01-12T15:15:10","guid":{"rendered":"http:\/\/quark.fis.uc.pt\/?page_id=10"},"modified":"2015-12-07T22:51:46","modified_gmt":"2015-12-07T22:51:46","slug":"participantes-na-edicao-20092010","status":"publish","type":"page","link":"https:\/\/quark.fis.uc.pt\/?page_id=10","title":{"rendered":"Participantes"},"content":{"rendered":"<p>Alexandru Miron<br \/>\nAna Catarina Maltez Xavier<br \/>\nAna Paula Martins Carvalho<br \/>\nAndr\u00e9 Filipe Ramos<br \/>\nAndr\u00e9 Filipe Santos Jorge<br \/>\nAndreia Freitas Rebelo<br \/>\nAnt\u00f3nio Lucas Robalo Martins<br \/>\nBernardo Manuel Aguiar Silva Teixeira Cardoso<br \/>\nBruno Rodrigues Pacheco Murta<br \/>\nBruno Schmitt Balthazar<br \/>\nDiogo Alexandre Antunes Carapito<br \/>\nEmanuel \u00c2ngelo Lopes de Carvalho<br \/>\nFrancisco Jo\u00e3o Belo Caldeira Lopes<br \/>\nFrancisco Monteiro Esteves Nunes<br \/>\nFrancisco Xavier Moreira Huhn<br \/>\nGon\u00e7alo Nuno Marques Andrade<br \/>\nHenrique Coxinho Tom\u00e9 Raposo<br \/>\nHugo Rafael Lopes Ferreira<br \/>\nJoana Jos\u00e9 Ferreira Henriques<br \/>\nJoana Rita Fareleira dos Santos<br \/>\nJo\u00e3o Andr\u00e9 Lopes Morgado<br \/>\nJo\u00e3o Carlos Peralta Moreira<br \/>\nJo\u00e3o Casimiro Gon\u00e7alves Ferreira<br \/>\nJo\u00e3o Lu\u00eds Henriques Afonso<br \/>\nJo\u00e3o Pedro Alves da Silva<br \/>\nJo\u00e3o Silva Arteiro<br \/>\nJoaquim Miguel Correia Salgueiro<br \/>\nMariana Alves Vargas<br \/>\nMariana Vaz Gomes<br \/>\nM\u00e1rio S\u00e9rgio Melo Nogueira Ferreira Gomes<br \/>\nMarta Cristina Neves Aguiar<br \/>\nMarvin Fernandes da Silva<br \/>\nMatilde Jos\u00e9 Sousa Bandeira<br \/>\nMiguel Braga Cruz Mendes<br \/>\nMiguel Duarte Botas Alpalh\u00e3o<br \/>\nNuno Bernardo Cunha<br \/>\nNuno Miguel Ladeiras Beleza Vasconcelos<br \/>\nNuno Miguel Leite Pereira<br \/>\nPedro Alves de Magalh\u00e3es Feij\u00f3<br \/>\nPedro Filipe Dias Belchior Campelo<br \/>\nPedro Filipe Lima Marques<br \/>\nPedro Jos\u00e9 Justo Pereira<br \/>\nRodrigo Paiva Tavares<br \/>\nRui Pedro Lopes de Azevedo<br \/>\nRui Serrano Diogo<br \/>\nSandra Abreu Ferreira Gomes<br \/>\nSara Magano de Oliveira<br \/>\nTelmo Martins Oliveira<br \/>\nTiago Alexandre Reis Ramalho Moutinho Freire<br \/>\nVitor Manuel Enes Duarte<br \/>\nXavier de Sousa Ferreira Rodrigues<\/p>\n","protected":false},"excerpt":{"rendered":"<p>Alexandru Miron Ana Catarina Maltez Xavier Ana Paula Martins Carvalho Andr\u00e9 Filipe Ramos Andr\u00e9 Filipe Santos Jorge Andreia Freitas Rebelo Ant\u00f3nio Lucas Robalo Martins Bernardo Manuel Aguiar Silva Teixeira Cardoso Bruno Rodrigues Pacheco Murta Bruno Schmitt Balthazar Diogo Alexandre Antunes Carapito Emanuel \u00c2ngelo Lopes de Carvalho Francisco Jo\u00e3o Belo Caldeira Lopes Francisco Monteiro Esteves Nunes&#8230; <\/p>\n<div class=\"read-more navbutton\"><a href=\"https:\/\/quark.fis.uc.pt\/?page_id=10\">Read More<i class=\"fa fa-angle-double-right\"><\/i><\/a><\/div>\n","protected":false},"author":1,"featured_media":0,"parent":27,"menu_order":1,"comment_status":"closed","ping_status":"closed","template":"","meta":{"footnotes":""},"class_list":["post-10","page","type-page","status-publish","hentry"],"_links":{"self":[{"href":"https:\/\/quark.fis.uc.pt\/index.php?rest_route=\/wp\/v2\/pages\/10","targetHints":{"allow":["GET"]}}],"collection":[{"href":"https:\/\/quark.fis.uc.pt\/index.php?rest_route=\/wp\/v2\/pages"}],"about":[{"href":"https:\/\/quark.fis.uc.pt\/index.php?rest_route=\/wp\/v2\/types\/page"}],"author":[{"embeddable":true,"href":"https:\/\/quark.fis.uc.pt\/index.php?rest_route=\/wp\/v2\/users\/1"}],"replies":[{"embeddable":true,"href":"https:\/\/quark.fis.uc.pt\/index.php?rest_route=%2Fwp%2Fv2%2Fcomments&post=10"}],"version-history":[{"count":14,"href":"https:\/\/quark.fis.uc.pt\/index.php?rest_route=\/wp\/v2\/pages\/10\/revisions"}],"predecessor-version":[{"id":58,"href":"https:\/\/quark.fis.uc.pt\/index.php?rest_route=\/wp\/v2\/pages\/10\/revisions\/58"}],"up":[{"embeddable":true,"href":"https:\/\/quark.fis.uc.pt\/index.php?rest_route=\/wp\/v2\/pages\/27"}],"wp:attachment":[{"href":"https:\/\/quark.fis.uc.pt\/index.php?rest_route=%2Fwp%2Fv2%2Fmedia&parent=10"}],"curies":[{"name":"wp","href":"https:\/\/api.w.org\/{rel}","templated":true}]}}